{"id":1892,"date":"2022-05-05T17:58:46","date_gmt":"2022-05-05T10:58:46","guid":{"rendered":"https:\/\/banthothanhphat.com\/?post_type=product&#038;p=1892"},"modified":"2025-08-28T07:58:51","modified_gmt":"2025-08-28T00:58:51","slug":"tranh-truc-chi-tt125","status":"publish","type":"product","link":"https:\/\/tranhtrucchithucong.vn\/?product=tranh-truc-chi-tt125","title":{"rendered":"TRANH TR\u00daC CH\u1ec8 TT125"},"content":{"rendered":"<p><img loading=\"lazy\" decoding=\"async\" class=\"alignnone size-medium wp-image-2878\" src=\"https:\/\/tranhtrucchithucong.vn\/wp-content\/uploads\/2022\/05\/z4467416940179_62c40cd49279f571ba4d14a524e63339-533x400.jpg\" alt=\"\" width=\"533\" height=\"400\" \/> <img loading=\"lazy\" decoding=\"async\" class=\"alignnone size-medium wp-image-2877\" src=\"https:\/\/tranhtrucchithucong.vn\/wp-content\/uploads\/2022\/05\/z4467416931141_ebcafa12784659962b139443c3e0e0d0-427x400.jpg\" alt=\"\" width=\"427\" height=\"400\" \/> <img loading=\"lazy\" decoding=\"async\" class=\"alignnone size-medium wp-image-2876\" src=\"https:\/\/tranhtrucchithucong.vn\/wp-content\/uploads\/2022\/05\/z4467416927760_687b7e2975235b726dac5a6966bb9fbd-533x400.jpg\" alt=\"\" width=\"533\" height=\"400\" \/> <img loading=\"lazy\" decoding=\"async\" class=\"alignnone size-medium wp-image-2875\" src=\"https:\/\/tranhtrucchithucong.vn\/wp-content\/uploads\/2022\/05\/z4467413640310_f9bad47bcd4237e665c5534e44481fd9-533x400.jpg\" alt=\"\" width=\"533\" height=\"400\" \/><\/p>\n<p>V\u1edbi nhu c\u1ea7u cu\u1ed9c s\u00f4ng hi\u1ec7n \u0111\u1ea1i , tranh\u00a0 t\u00f4 \u0111\u1eb9p th\u00eam cho kh\u00f4ng gian th\u1edd nh\u00e0 b\u1ea1n nh\u01b0 h\u00e0o quang t\u1ecfa s\u00e1ng \u1edf gi\u1eefa ban th\u1edd.<\/p>\n<p>b\u1eb1ng b\u00e0n tay kh\u00e9o l\u00e9o , ng\u01b0\u1eddi th\u1ee3 th\u1ed5i h\u1ed3n m\u00ecnh v\u00e0o t\u1eebng h\u1ecda ti\u1ebft gi\u00fap b\u1ee9c tranh c\u00f3 h\u1ecda ti\u1ebft s\u1eafc x\u1ea3o, t\u1eebng \u0111\u01b0\u1eddng n\u00e9t chau chu\u1ed1t cho b\u1ee9c tranh c\u00f3 th\u1ea9m m\u1ef9 cao.<\/p>\n<p>\u0110i\u1ec3m \u0111\u1eb7c bi\u1ec7t l\u00e0 <strong>tranh tr\u00fac ch\u1ec9\u00a0<\/strong>t\u1ea1o ra \u00e1nh s\u00e1ng v\u00e0ng t\u1ea1o n\u00ean b\u1ee9c tranh l\u1ed9ng l\u1eaby,l\u00e0m n\u1ed5i b\u1eadt n\u1ec1n ho\u1ea1 ti\u1ebft\u00a0, mang l\u1ea1i c\u1ea3m gi\u00e1c \u1ea5m \u00e1p cho kh\u00f4ng gian th\u1edd c\u1ee7a kh\u00e1ch h\u00e0ng.<\/p>\n<p>c\u00f3 nhi\u1ec1u k\u00edch th\u01b0\u1edbc cho kh\u00e1ch h\u00e0ng l\u1ef1a ch\u1ecdn : <span style=\"color: #ed1c24;\">61X61 , 61X81, 81X89 , 81X107&#8230;&#8230;v\u00e0 k\u00edch th\u01b0\u1edbc \u0111\u1eb7t theo y\u00eau c\u1ea7u<\/span><\/p>\n<p>&nbsp;<\/p>\n","protected":false},"excerpt":{"rendered":"<p>V\u1edbi nhu c\u1ea7u cu\u1ed9c s\u00f4ng hi\u1ec7n \u0111\u1ea1i , tranh\u00a0 t\u00f4 \u0111\u1eb9p th\u00eam cho kh\u00f4ng gian th\u1edd nh\u00e0 b\u1ea1n nh\u01b0 h\u00e0o quang t\u1ecfa s\u00e1ng \u1edf gi\u1eefa ban th\u1edd. b\u1eb1ng b\u00e0n tay kh\u00e9o l\u00e9o , ng\u01b0\u1eddi th\u1ee3 th\u1ed5i h\u1ed3n m\u00ecnh v\u00e0o t\u1eebng h\u1ecda ti\u1ebft gi\u00fap b\u1ee9c tranh c\u00f3 h\u1ecda ti\u1ebft s\u1eafc x\u1ea3o, t\u1eebng \u0111\u01b0\u1eddng n\u00e9t chau chu\u1ed1t&#8230;<\/p>\n","protected":false},"featured_media":2653,"comment_status":"open","ping_status":"closed","template":"","meta":[],"product_brand":[],"product_cat":[26,171],"product_tag":[151,157,125],"class_list":{"0":"post-1892","1":"product","2":"type-product","3":"status-publish","4":"has-post-thumbnail","6":"product_cat-tranh-truc-chi-vuong-tranh-truc-chi-vuong","7":"product_cat-tranh-truc-chi-vuong","8":"product_tag-tranh-ban-tho","9":"product_tag-tranh-sen-vuong","10":"product_tag-tranh-truc-chi","12":"first","13":"instock","14":"shipping-taxable","15":"product-type-simple"},"_links":{"self":[{"href":"https:\/\/tranhtrucchithucong.vn\/index.php?rest_route=\/wp\/v2\/product\/1892","targetHints":{"allow":["GET"]}}],"collection":[{"href":"https:\/\/tranhtrucchithucong.vn\/index.php?rest_route=\/wp\/v2\/product"}],"about":[{"href":"https:\/\/tranhtrucchithucong.vn\/index.php?rest_route=\/wp\/v2\/types\/product"}],"replies":[{"embeddable":true,"href":"https:\/\/tranhtrucchithucong.vn\/index.php?rest_route=%2Fwp%2Fv2%2Fcomments&post=1892"}],"wp:featuredmedia":[{"embeddable":true,"href":"https:\/\/tranhtrucchithucong.vn\/index.php?rest_route=\/wp\/v2\/media\/2653"}],"wp:attachment":[{"href":"https:\/\/tranhtrucchithucong.vn\/index.php?rest_route=%2Fwp%2Fv2%2Fmedia&parent=1892"}],"wp:term":[{"taxonomy":"product_brand","embeddable":true,"href":"https:\/\/tranhtrucchithucong.vn\/index.php?rest_route=%2Fwp%2Fv2%2Fproduct_brand&post=1892"},{"taxonomy":"product_cat","embeddable":true,"href":"https:\/\/tranhtrucchithucong.vn\/index.php?rest_route=%2Fwp%2Fv2%2Fproduct_cat&post=1892"},{"taxonomy":"product_tag","embeddable":true,"href":"https:\/\/tranhtrucchithucong.vn\/index.php?rest_route=%2Fwp%2Fv2%2Fproduct_tag&post=1892"}],"curies":[{"name":"wp","href":"https:\/\/api.w.org\/{rel}","templated":true}]}}