{"id":2254,"date":"2022-05-18T14:13:35","date_gmt":"2022-05-18T07:13:35","guid":{"rendered":"https:\/\/banthothanhphat.com\/?post_type=product&#038;p=2254"},"modified":"2025-07-16T08:53:22","modified_gmt":"2025-07-16T01:53:22","slug":"tranh-truc-chi-doi","status":"publish","type":"product","link":"https:\/\/tranhtrucchithucong.vn\/?product=tranh-truc-chi-doi","title":{"rendered":"TRANH TR\u00daC CH\u1ec8 &#8211; TP080"},"content":{"rendered":"<p>&nbsp;<\/p>\n<p>&nbsp;<\/p>\n<p><img loading=\"lazy\" decoding=\"async\" class=\"alignnone size-full wp-image-2720\" src=\"https:\/\/banthothanhphat.com\/wp-content\/uploads\/2022\/05\/Screenshot_2-5.png\" alt=\"\" width=\"308\" height=\"369\" \/> <img loading=\"lazy\" decoding=\"async\" class=\"alignnone size-full wp-image-2719\" src=\"https:\/\/banthothanhphat.com\/wp-content\/uploads\/2022\/05\/Screenshot_3-2.png\" alt=\"\" width=\"297\" height=\"369\" \/> <img loading=\"lazy\" decoding=\"async\" class=\"alignnone size-full wp-image-2718\" src=\"https:\/\/banthothanhphat.com\/wp-content\/uploads\/2022\/05\/Screenshot_4-4.png\" alt=\"\" width=\"345\" height=\"387\" \/><\/p>\n<p><strong>Tranh Tr\u00fac Ch\u1ec9 \u0111\u00f4i<\/strong> hay c\u00f2n g\u1ecdi l\u00e0 tranh 2 b\u00ean b\u00e0n th\u1edd \u0111\u1ec3 trang tr\u00ed t\u1ea1o n\u00ean s\u1ef1 can \u0111\u1ed1i h\u00e0i ho\u00e0 cho phong th\u1edd r\u1ed9ng d\u00e3i.<\/p>\n<p>Khung b\u1eb1ng g\u1ed7 s\u1ed3i ,k\u1ebft h\u1ee3p v\u1edbi m\u1eb7t mika ho\u1eb7c k\u00ednh \u0111\u1ec3 t\u0103ng t\u00ednh th\u1ea9m m\u0129 v\u00e0 \u0111\u1ed9 b\u1ec1n cao cho b\u1ee9c tranh .<\/p>\n<p>K\u00edch th\u01b0\u1edbc 48&#215;89 =2 , 48&#215;107=2 , 56&#215;107=2 &#8230;&#8230;ho\u1eb7c k\u00edch th\u01b0\u1edbc theo y\u00eau c\u1ea7u ph\u00f9 h\u1ee3p v\u1edbi kh\u00f4ng gian th\u1edd.<\/p>\n","protected":false},"excerpt":{"rendered":"<p>&nbsp; &nbsp; Tranh Tr\u00fac Ch\u1ec9 \u0111\u00f4i hay c\u00f2n g\u1ecdi l\u00e0 tranh 2 b\u00ean b\u00e0n th\u1edd \u0111\u1ec3 trang tr\u00ed t\u1ea1o n\u00ean s\u1ef1 can \u0111\u1ed1i h\u00e0i ho\u00e0 cho phong th\u1edd r\u1ed9ng d\u00e3i. Khung b\u1eb1ng g\u1ed7 s\u1ed3i ,k\u1ebft h\u1ee3p v\u1edbi m\u1eb7t mika ho\u1eb7c k\u00ednh \u0111\u1ec3 t\u0103ng t\u00ednh th\u1ea9m m\u0129 v\u00e0 \u0111\u1ed9 b\u1ec1n cao cho b\u1ee9c tranh . K\u00edch&#8230;<\/p>\n","protected":false},"featured_media":2651,"comment_status":"open","ping_status":"closed","template":"","meta":[],"product_brand":[],"product_cat":[26,171],"product_tag":[150,149,148],"class_list":{"0":"post-2254","1":"product","2":"type-product","3":"status-publish","4":"has-post-thumbnail","6":"product_cat-tranh-truc-chi-vuong-tranh-truc-chi-vuong","7":"product_cat-tranh-truc-chi-vuong","8":"product_tag-tranh-ban-tho-dep","9":"product_tag-tranh-truc-chi-2-ben","10":"product_tag-tranh-truc-chi-doi","12":"first","13":"instock","14":"shipping-taxable","15":"product-type-simple"},"_links":{"self":[{"href":"https:\/\/tranhtrucchithucong.vn\/index.php?rest_route=\/wp\/v2\/product\/2254","targetHints":{"allow":["GET"]}}],"collection":[{"href":"https:\/\/tranhtrucchithucong.vn\/index.php?rest_route=\/wp\/v2\/product"}],"about":[{"href":"https:\/\/tranhtrucchithucong.vn\/index.php?rest_route=\/wp\/v2\/types\/product"}],"replies":[{"embeddable":true,"href":"https:\/\/tranhtrucchithucong.vn\/index.php?rest_route=%2Fwp%2Fv2%2Fcomments&post=2254"}],"wp:featuredmedia":[{"embeddable":true,"href":"https:\/\/tranhtrucchithucong.vn\/index.php?rest_route=\/wp\/v2\/media\/2651"}],"wp:attachment":[{"href":"https:\/\/tranhtrucchithucong.vn\/index.php?rest_route=%2Fwp%2Fv2%2Fmedia&parent=2254"}],"wp:term":[{"taxonomy":"product_brand","embeddable":true,"href":"https:\/\/tranhtrucchithucong.vn\/index.php?rest_route=%2Fwp%2Fv2%2Fproduct_brand&post=2254"},{"taxonomy":"product_cat","embeddable":true,"href":"https:\/\/tranhtrucchithucong.vn\/index.php?rest_route=%2Fwp%2Fv2%2Fproduct_cat&post=2254"},{"taxonomy":"product_tag","embeddable":true,"href":"https:\/\/tranhtrucchithucong.vn\/index.php?rest_route=%2Fwp%2Fv2%2Fproduct_tag&post=2254"}],"curies":[{"name":"wp","href":"https:\/\/api.w.org\/{rel}","templated":true}]}}