{"id":2374,"date":"2022-04-26T15:59:29","date_gmt":"2022-04-26T08:59:29","guid":{"rendered":"https:\/\/banthothanhphat.com\/?post_type=product&#038;p=1827"},"modified":"2025-07-16T08:57:43","modified_gmt":"2025-07-16T01:57:43","slug":"ban-tho-chung-cu-bd05","status":"publish","type":"product","link":"https:\/\/tranhtrucchithucong.vn\/?product=ban-tho-chung-cu-bd05","title":{"rendered":"Tranh Tr\u00fac Ch\u1ec9 Th\u1ee7 C\u00f4ng Tr\u00f2n \u2013 TP 52"},"content":{"rendered":"<p>&nbsp;<\/p>\n<p><img decoding=\"async\" class=\"aligncenter\" src=\"https:\/\/tranhtrucchithucong.vn\/wp-content\/uploads\/2022\/06\/BAN-THO-CHUNG-CU-BD424.jpg\" \/><\/p>\n<p>&nbsp;<\/p>\n<p><img loading=\"lazy\" decoding=\"async\" class=\"alignnone size-full wp-image-2547 aligncenter\" src=\"https:\/\/tranhtrucchithucong.vn\/wp-content\/uploads\/2022\/06\/bd211.jpg\" alt=\"\" width=\"728\" height=\"960\" \/><\/p>\n<p style=\"text-align: center;\"><em>Th\u00e0nh Ph\u00e1t chuy\u00ean cung c\u1ea5p \u0111\u1ed3 g\u1ed7 n\u1ed9i th\u1ea5t, \u0111\u1ed3 th\u1edd g\u1ed7 cao c\u1ea5p theo y\u00eau c\u1ea7u gi\u00e1 c\u1ef1c t\u1ed1t<\/em><\/p>\n<div><\/div>\n<div>\n<div><img loading=\"lazy\" decoding=\"async\" class=\"alignnone size-full wp-image-2949\" src=\"https:\/\/tranhtrucchithucong.vn\/wp-content\/uploads\/2024\/07\/z6543161181305_7496f4a1b843b1c9f5ee21dfb93a3402.jpg\" alt=\"\" width=\"720\" height=\"960\" \/><\/div>\n<\/div>\n","protected":false},"excerpt":{"rendered":"<p>&nbsp; &nbsp; Th\u00e0nh Ph\u00e1t chuy\u00ean cung c\u1ea5p \u0111\u1ed3 g\u1ed7 n\u1ed9i th\u1ea5t, \u0111\u1ed3 th\u1edd g\u1ed7 cao c\u1ea5p theo y\u00eau c\u1ea7u gi\u00e1 c\u1ef1c t\u1ed1t<\/p>\n","protected":false},"featured_media":2949,"comment_status":"open","ping_status":"closed","template":"","meta":[],"product_brand":[],"product_cat":[170,115],"product_tag":[132,144,145],"class_list":{"0":"post-2374","1":"product","2":"type-product","3":"status-publish","4":"has-post-thumbnail","6":"product_cat-tranh-truc-chi-tron","7":"product_cat-tranh-truc-chi","8":"product_tag-ban-tho-chung-cu","9":"product_tag-ban-tho-hien-dai","10":"product_tag-bant-tho-gia-tien","12":"first","13":"instock","14":"shipping-taxable","15":"product-type-simple"},"_links":{"self":[{"href":"https:\/\/tranhtrucchithucong.vn\/index.php?rest_route=\/wp\/v2\/product\/2374","targetHints":{"allow":["GET"]}}],"collection":[{"href":"https:\/\/tranhtrucchithucong.vn\/index.php?rest_route=\/wp\/v2\/product"}],"about":[{"href":"https:\/\/tranhtrucchithucong.vn\/index.php?rest_route=\/wp\/v2\/types\/product"}],"replies":[{"embeddable":true,"href":"https:\/\/tranhtrucchithucong.vn\/index.php?rest_route=%2Fwp%2Fv2%2Fcomments&post=2374"}],"wp:featuredmedia":[{"embeddable":true,"href":"https:\/\/tranhtrucchithucong.vn\/index.php?rest_route=\/wp\/v2\/media\/2949"}],"wp:attachment":[{"href":"https:\/\/tranhtrucchithucong.vn\/index.php?rest_route=%2Fwp%2Fv2%2Fmedia&parent=2374"}],"wp:term":[{"taxonomy":"product_brand","embeddable":true,"href":"https:\/\/tranhtrucchithucong.vn\/index.php?rest_route=%2Fwp%2Fv2%2Fproduct_brand&post=2374"},{"taxonomy":"product_cat","embeddable":true,"href":"https:\/\/tranhtrucchithucong.vn\/index.php?rest_route=%2Fwp%2Fv2%2Fproduct_cat&post=2374"},{"taxonomy":"product_tag","embeddable":true,"href":"https:\/\/tranhtrucchithucong.vn\/index.php?rest_route=%2Fwp%2Fv2%2Fproduct_tag&post=2374"}],"curies":[{"name":"wp","href":"https:\/\/api.w.org\/{rel}","templated":true}]}}