{"id":2563,"date":"2022-06-28T17:19:27","date_gmt":"2022-06-28T10:19:27","guid":{"rendered":"https:\/\/banthothanhphat.com\/?post_type=product&#038;p=2563"},"modified":"2025-07-16T08:44:35","modified_gmt":"2025-07-16T01:44:35","slug":"tranh-truc-chi-tt235","status":"publish","type":"product","link":"https:\/\/tranhtrucchithucong.vn\/?product=tranh-truc-chi-tt235","title":{"rendered":"TRANH TR\u00daC CH\u1ec8 TT235"},"content":{"rendered":"<p>&nbsp;<\/p>\n<p><strong>Tranh tr\u00fac ch\u1ec9 \u0111\u00f4i tt235\u00a0<\/strong>l\u00e0 m\u1eabu tranh trang tr\u00ed 2 b\u00ean b\u00e0n th\u1edd \u0111\u1ec3 ph\u00f9 h\u1ee3p v\u1edbi kh\u00f4ng gian th\u1edd r\u1ed9ng r\u00e3i.<\/p>\n<ul>\n<li>Khung g\u1ed7 s\u1ed3i , h\u1ec7 th\u1ed1ng led b\u1ea3o h\u00e0nh 02 n\u0103m , m\u00e0ng tranh b\u1ea3o h\u00e0nh 10 n\u0103m.<\/li>\n<li>mi\u1ec5n ph\u00ed v\u1eadn chuy\u1ec3n , l\u1eafp \u0111\u1eb7t<\/li>\n<li>Li\u00ean h\u1ec7 0767046789 &#8211; 0936.151.383 \u0111\u1ec3 \u0111\u01b0\u1ee3c gi\u00e1 t\u1ed1t nh\u1ea5t.<\/li>\n<\/ul>\n","protected":false},"excerpt":{"rendered":"<p><img loading=\"lazy\" decoding=\"async\" class=\"alignnone size-medium wp-image-2636\" src=\"https:\/\/banthothanhphat.com\/wp-content\/uploads\/2022\/06\/z3366304692457_77221428a5130a44944beebe507cb29e-300x400.jpg\" alt=\"\" width=\"300\" height=\"400\" \/><\/p>\n","protected":false},"featured_media":2636,"comment_status":"open","ping_status":"closed","template":"","meta":[],"product_brand":[],"product_cat":[113,176],"product_tag":[198,199,125],"class_list":{"0":"post-2563","1":"product","2":"type-product","3":"status-publish","4":"has-post-thumbnail","6":"product_cat-tranh-truc-chi-cap","7":"product_cat-tranh-truc-chi-doi","8":"product_tag-tranh-cho-ban-tho","9":"product_tag-tranh-dep","10":"product_tag-tranh-truc-chi","12":"first","13":"instock","14":"shipping-taxable","15":"product-type-simple"},"_links":{"self":[{"href":"https:\/\/tranhtrucchithucong.vn\/index.php?rest_route=\/wp\/v2\/product\/2563","targetHints":{"allow":["GET"]}}],"collection":[{"href":"https:\/\/tranhtrucchithucong.vn\/index.php?rest_route=\/wp\/v2\/product"}],"about":[{"href":"https:\/\/tranhtrucchithucong.vn\/index.php?rest_route=\/wp\/v2\/types\/product"}],"replies":[{"embeddable":true,"href":"https:\/\/tranhtrucchithucong.vn\/index.php?rest_route=%2Fwp%2Fv2%2Fcomments&post=2563"}],"wp:featuredmedia":[{"embeddable":true,"href":"https:\/\/tranhtrucchithucong.vn\/index.php?rest_route=\/wp\/v2\/media\/2636"}],"wp:attachment":[{"href":"https:\/\/tranhtrucchithucong.vn\/index.php?rest_route=%2Fwp%2Fv2%2Fmedia&parent=2563"}],"wp:term":[{"taxonomy":"product_brand","embeddable":true,"href":"https:\/\/tranhtrucchithucong.vn\/index.php?rest_route=%2Fwp%2Fv2%2Fproduct_brand&post=2563"},{"taxonomy":"product_cat","embeddable":true,"href":"https:\/\/tranhtrucchithucong.vn\/index.php?rest_route=%2Fwp%2Fv2%2Fproduct_cat&post=2563"},{"taxonomy":"product_tag","embeddable":true,"href":"https:\/\/tranhtrucchithucong.vn\/index.php?rest_route=%2Fwp%2Fv2%2Fproduct_tag&post=2563"}],"curies":[{"name":"wp","href":"https:\/\/api.w.org\/{rel}","templated":true}]}}